{"id":1411,"date":"2026-02-01T12:35:46","date_gmt":"2026-02-01T12:35:46","guid":{"rendered":"https:\/\/www.diese-event.com\/?page_id=1411"},"modified":"2026-02-01T18:40:45","modified_gmt":"2026-02-01T18:40:45","slug":"expertises","status":"publish","type":"page","link":"https:\/\/www.diese-event.com\/en\/expertises\/","title":{"rendered":"Expertises"},"content":{"rendered":"<div data-elementor-type=\"wp-page\" data-elementor-id=\"1411\" class=\"elementor elementor-1411\">\n\t\t\t\t<div class=\"elementor-element elementor-element-6a5b214 e-flex e-con-boxed e-con e-parent\" data-id=\"6a5b214\" data-element_type=\"container\" data-e-type=\"container\" data-settings=\"{&quot;background_background&quot;:&quot;classic&quot;}\">\n\t\t\t\t\t<div class=\"e-con-inner\">\n\t\t\t\t<div class=\"elementor-element elementor-element-d710099 elementor-widget elementor-widget-text-editor\" data-id=\"d710099\" data-element_type=\"widget\" data-e-type=\"widget\" data-widget_type=\"text-editor.default\">\n\t\t\t\t\t\t\t\t\t<span style=\"font-family: 'voyage', sans-serif; font-size: 72px; font-weight: 500; text-transform: normale; display: block;\"> Expertises\n<\/span>\t\t\t\t\t\t\t\t<\/div>\n\t\t\t\t<div class=\"elementor-element elementor-element-75757e7 elementor-widget elementor-widget-text-editor\" data-id=\"75757e7\" data-element_type=\"widget\" data-e-type=\"widget\" data-widget_type=\"text-editor.default\">\n\t\t\t\t\t\t\t\t\t<div style=\"font-family: 'Montserrat', sans-serif; font-weight: 400; font-size: 12px; line-height: 1.6;\">\n<p style=\"margin: 0 0 10px 0;\">Agence \u00e9v\u00e9nementielle \u00e0 Marrakech &amp; studio d\u2019experience design<\/p>\n\n<\/div>\t\t\t\t\t\t\t\t<\/div>\n\t\t\t\t\t<\/div>\n\t\t\t\t<\/div>\n\t\t<div class=\"elementor-element elementor-element-fd97b5c e-flex e-con-boxed e-con e-parent\" data-id=\"fd97b5c\" data-element_type=\"container\" data-e-type=\"container\">\n\t\t\t\t\t<div class=\"e-con-inner\">\n\t\t<div class=\"elementor-element elementor-element-c87caa3 e-con-full e-flex e-con e-child\" data-id=\"c87caa3\" data-element_type=\"container\" data-e-type=\"container\" data-settings=\"{&quot;background_background&quot;:&quot;classic&quot;}\">\n\t\t\t\t<div class=\"elementor-element elementor-element-390bdf8 elementor-widget elementor-widget-text-editor\" data-id=\"390bdf8\" data-element_type=\"widget\" data-e-type=\"widget\" data-widget_type=\"text-editor.default\">\n\t\t\t\t\t\t\t\t\t<p><span style=\"font-family: 'voyage', sans-serif; font-size: 48px; font-weight: 500; text-transform: normale; display: block;\">Expertises cr\u00e9atives et op\u00e9rationnelles \u00e0 Marrakech<br \/><\/span><\/p>\t\t\t\t\t\t\t\t<\/div>\n\t\t\t\t<div class=\"elementor-element elementor-element-fd8c7fc elementor-widget elementor-widget-text-editor\" data-id=\"fd8c7fc\" data-element_type=\"widget\" data-e-type=\"widget\" data-widget_type=\"text-editor.default\">\n\t\t\t\t\t\t\t\t\t<div style=\"font-family: 'Montserrat', sans-serif; font-weight: 400; font-size: 13px; line-height: 1.6; text-align: justify; color: #333333;\"><p style=\"margin: 0 0 10px 0;\">Di\u00e8se Event intervient sur des projets n\u00e9cessitant une organisation structur\u00e9e, une lecture fine des lieux et une ma\u00eetrise compl\u00e8te de la cha\u00eene de production.<\/p><p>Bas\u00e9e \u00e0 Marrakech, notre \u00e9quipe accompagne des projets au Maroc en assurant la conception, la sc\u00e9nographie et la mise en \u0153uvre op\u00e9rationnelle des dispositifs \u00e9v\u00e9nementiels.<\/p><\/div>\t\t\t\t\t\t\t\t<\/div>\n\t\t\t\t<\/div>\n\t\t\t\t<div class=\"elementor-element elementor-element-143c33b elementor-widget elementor-widget-spacer\" data-id=\"143c33b\" data-element_type=\"widget\" data-e-type=\"widget\" data-widget_type=\"spacer.default\">\n\t\t\t\t\t\t\t<div class=\"elementor-spacer\">\n\t\t\t<div class=\"elementor-spacer-inner\"><\/div>\n\t\t<\/div>\n\t\t\t\t\t\t<\/div>\n\t\t\t\t\t<\/div>\n\t\t\t\t<\/div>\n\t\t<div class=\"elementor-element elementor-element-70c0835 e-flex e-con-boxed e-con e-parent\" data-id=\"70c0835\" data-element_type=\"container\" data-e-type=\"container\" data-settings=\"{&quot;background_background&quot;:&quot;classic&quot;}\">\n\t\t\t\t\t<div class=\"e-con-inner\">\n\t\t\t\t<div class=\"elementor-element elementor-element-fb3f0b6 elementor-widget elementor-widget-text-editor\" data-id=\"fb3f0b6\" data-element_type=\"widget\" data-e-type=\"widget\" data-widget_type=\"text-editor.default\">\n\t\t\t\t\t\t\t\t\t<span style=\"font-family: 'voyage', sans-serif; font-size: 48px; font-weight: 500; text-transform: normale; display: block;\">Notre savoir-faire\n<\/span>\t\t\t\t\t\t\t\t<\/div>\n\t\t\t\t<div class=\"elementor-element elementor-element-2287f3f elementor-widget elementor-widget-html\" data-id=\"2287f3f\" data-element_type=\"widget\" data-e-type=\"widget\" data-widget_type=\"html.default\">\n\t\t\t\t\t<!-- Google Font Montserrat -->\n<link href=\"https:\/\/fonts.googleapis.com\/css2?family=Montserrat:wght@400;500;600;700&display=swap\" rel=\"stylesheet\">\n\n<style>\n.expertises-section {\n    font-family: 'Montserrat', sans-serif;\n    color: #2B3349;\n    width: 100%;\n}\n\n.expertise-row {\n    display: grid;\n    grid-template-columns: 120px 2.9fr 1.9fr;\n    gap: 20px;\n    padding: 55px 0; \/* ligne plus grosse *\/\n    border-bottom: 1px solid rgba(95, 51, 73, 2.15);\n}\n\n.expertise-number {\n    font-size: 30px;\n    font-weight: 600;\n}\n\n.expertise-title {\n    font-size: 16px;\n    font-weight: 600;\n    line-height: 1.4;\n    text-transform: uppercase;\n}\n\n.expertise-description {\n    font-size: 13px;\n    font-weight: 400;\n    line-height: 1.8;\n}\n\n.expertise-description span {\n    display: block;\n    margin-top: 1px;\n}\n\n\/* Responsive *\/\n@media (max-width: 768px) {\n    .expertise-row {\n        grid-template-columns: 2fr;\n        gap: 18px;\n        padding: 30px 0px;\n    }\n\n    .expertise-number {\n        font-size: 15px;\n    }\n}\n<\/style>\n\n<div class=\"expertises-section\">\n\n\n    <!-- 01 -->\n    <div class=\"expertise-row\">\n        <div class=\"expertise-number\">01<\/div>\n        <div class=\"expertise-title\">\n            CONCEPTION & CADRAGE DE PROJET\n        <\/div>\n        <div class=\"expertise-description\">\n            <span>+ Analyse du lieu, des contraintes et des usages<\/span>\n            <span>+ Cadrage des objectifs et des publics<\/span>\n            <span>+ D\u00e9finition du p\u00e9rim\u00e8tre d\u2019intervention<\/span>\n            <span>+ Structuration du d\u00e9roul\u00e9 et des s\u00e9quences<\/span>\n            <span>+ Coordination des phases amont<\/span>\n        <\/div>\n    <\/div>\n\n    <!-- 02 -->\n    <div class=\"expertise-row\">\n        <div class=\"expertise-number\">02<\/div>\n        <div class=\"expertise-title\">\n            SC\u00c9NOGRAPHIE & ORGANISATION SPATIALE\n        <\/div>\n        <div class=\"expertise-description\">\n            <span>+ Agencement des zones et flux<\/span>\n            <span>+ Implantation des \u00e9l\u00e9ments sc\u00e9nographiques<\/span>\n            <span>+ Circulation des publics et des \u00e9quipes<\/span>\n            <span>+ Int\u00e9gration des contraintes techniques<\/span>\n            <span>+ Adaptation aux lieux existants (int\u00e9rieur \/ ext\u00e9rieur)<\/span>\n        <\/div>\n    <\/div>\n\n    <!-- 03 -->\n    <div class=\"expertise-row\">\n        <div class=\"expertise-number\">03<\/div>\n        <div class=\"expertise-title\">\n            COORDINATION TECHNIQUE & PRESTATAIRES\n        <\/div>\n        <div class=\"expertise-description\">\n            <span>+ S\u00e9lection et coordination des prestataires<\/span>\n            <span>+ Suivi technique (son, lumi\u00e8re, vid\u00e9o, structures)<\/span>\n            <span>+ Gestion des plannings et des livraisons<\/span>\n            <span>+ Anticipation des contraintes terrain<\/span>\n            <span>+ Interface unique entre tous les acteurs<\/span>\n        <\/div>\n    <\/div>\n\n    <!-- 04 -->\n    <div class=\"expertise-row\">\n        <div class=\"expertise-number\">04<\/div>\n        <div class=\"expertise-title\">\n            PRODUCTION & SUPERVISION TERRAIN\n        <\/div>\n        <div class=\"expertise-description\">\n            <span>+ Organisation du montage et d\u00e9montage<\/span>\n            <span>+ Pr\u00e9sence terrain et supervision globale<\/span>\n            <span>+ Gestion des impr\u00e9vus et ajustements<\/span>\n            <span>+ Respect des d\u00e9lais et des normes<\/span>\n            <span>+ Coordination jour J<\/span>\n        <\/div>\n    <\/div>\n\n    <!-- 05 -->\n    <div class=\"expertise-row\">\n        <div class=\"expertise-number\">05<\/div>\n        <div class=\"expertise-title\">\n            ADAPTATION LOCALE & CONTEXTE MAROCAIN\n        <\/div>\n        <div class=\"expertise-description\">\n            <span>+ Compr\u00e9hension des contraintes locales<\/span>\n            <span>+ Adaptation des dispositifs aux lieux marocains<\/span>\n            <span>+ Coordination avec les acteurs locaux<\/span>\n            <span>+ Respect des usages, r\u00e9glementations et contextes culturels<\/span>\n            <span>+ Intervention \u00e0 Marrakech et dans tout le Maroc<\/span>\n        <\/div>\n    <\/div>\n\n    <!-- 06 -->\n    <div class=\"expertise-row\">\n        <div class=\"expertise-number\">06<\/div>\n        <div class=\"expertise-title\">\n            TYPES DE PROJETS ACCOMPAGN\u00c9S\n        <\/div>\n        <div class=\"expertise-description\">\n            <span>+ \u00c9v\u00e9nements corporate et institutionnels<\/span>\n            <span>+ Lancements de marque<\/span>\n            <span>+ Projets pour h\u00f4tels et lieux d\u2019exception<\/span>\n            <span>+ \u00c9v\u00e9nements priv\u00e9s haut de gamme (mariage, anniversaire...)<\/span>\n            <span>+ Projets sur-mesure au Maroc<\/span>\n        <\/div>\n    <\/div>\n\n    <\/div>\n\n<\/div>\n\t\t\t\t<\/div>\n\t\t\t\t\t<\/div>\n\t\t\t\t<\/div>\n\t\t\t\t<\/div>","protected":false},"excerpt":{"rendered":"<p>Expertises Agence \u00e9v\u00e9nementielle \u00e0 Marrakech &amp; studio d\u2019experience design Expertises cr\u00e9atives et op\u00e9rationnelles \u00e0 Marrakech Di\u00e8se Event intervient sur des projets n\u00e9cessitant une organisation structur\u00e9e, une lecture fine des lieux et une ma\u00eetrise compl\u00e8te de la cha\u00eene de production. Bas\u00e9e \u00e0 Marrakech, notre \u00e9quipe accompagne&#8230;<\/p>","protected":false},"author":1,"featured_media":0,"parent":0,"menu_order":0,"comment_status":"closed","ping_status":"closed","template":"elementor_header_footer","meta":{"footnotes":""},"class_list":["post-1411","page","type-page","status-publish","hentry"],"_links":{"self":[{"href":"https:\/\/www.diese-event.com\/en\/wp-json\/wp\/v2\/pages\/1411","targetHints":{"allow":["GET"]}}],"collection":[{"href":"https:\/\/www.diese-event.com\/en\/wp-json\/wp\/v2\/pages"}],"about":[{"href":"https:\/\/www.diese-event.com\/en\/wp-json\/wp\/v2\/types\/page"}],"author":[{"embeddable":true,"href":"https:\/\/www.diese-event.com\/en\/wp-json\/wp\/v2\/users\/1"}],"replies":[{"embeddable":true,"href":"https:\/\/www.diese-event.com\/en\/wp-json\/wp\/v2\/comments?post=1411"}],"version-history":[{"count":83,"href":"https:\/\/www.diese-event.com\/en\/wp-json\/wp\/v2\/pages\/1411\/revisions"}],"predecessor-version":[{"id":1567,"href":"https:\/\/www.diese-event.com\/en\/wp-json\/wp\/v2\/pages\/1411\/revisions\/1567"}],"wp:attachment":[{"href":"https:\/\/www.diese-event.com\/en\/wp-json\/wp\/v2\/media?parent=1411"}],"curies":[{"name":"wp","href":"https:\/\/api.w.org\/{rel}","templated":true}]}}