{"id":660,"date":"2026-01-09T16:17:15","date_gmt":"2026-01-09T16:17:15","guid":{"rendered":"https:\/\/www.diese-event.com\/?page_id=660"},"modified":"2026-02-02T19:27:20","modified_gmt":"2026-02-02T19:27:20","slug":"studio-creatif-marrakech","status":"publish","type":"page","link":"https:\/\/www.diese-event.com\/en\/studio-creatif-marrakech\/","title":{"rendered":"Studio cr\u00e9atif"},"content":{"rendered":"<div data-elementor-type=\"wp-page\" data-elementor-id=\"660\" class=\"elementor elementor-660\">\n\t\t\t\t<div class=\"elementor-element elementor-element-6a5b214 e-flex e-con-boxed e-con e-parent\" data-id=\"6a5b214\" data-element_type=\"container\" data-e-type=\"container\" data-settings=\"{&quot;background_background&quot;:&quot;classic&quot;}\">\n\t\t\t\t\t<div class=\"e-con-inner\">\n\t\t\t\t<div class=\"elementor-element elementor-element-d710099 elementor-widget elementor-widget-text-editor\" data-id=\"d710099\" data-element_type=\"widget\" data-e-type=\"widget\" data-widget_type=\"text-editor.default\">\n\t\t\t\t\t\t\t\t\t<span style=\"font-family: 'voyage', sans-serif; font-size: 72px; font-weight: 500; text-transform: normale; display: block;\">Studio cr\u00e9atif hybride\n<\/span>\t\t\t\t\t\t\t\t<\/div>\n\t\t\t\t<div class=\"elementor-element elementor-element-75757e7 elementor-widget elementor-widget-text-editor\" data-id=\"75757e7\" data-element_type=\"widget\" data-e-type=\"widget\" data-widget_type=\"text-editor.default\">\n\t\t\t\t\t\t\t\t\t<div style=\"font-family: 'Montserrat', sans-serif; font-weight: 400; font-size: 12px; line-height: 1.6; text-align: justify;\">\n<p style=\"margin: 0 0 10px 0;\">Laboratoire d\u2019exp\u00e9rience, de narration et de mise en sc\u00e8ne<\/p>\n\n<\/div>\t\t\t\t\t\t\t\t<\/div>\n\t\t\t\t\t<\/div>\n\t\t\t\t<\/div>\n\t\t<div class=\"elementor-element elementor-element-fd97b5c e-flex e-con-boxed e-con e-parent\" data-id=\"fd97b5c\" data-element_type=\"container\" data-e-type=\"container\">\n\t\t\t\t\t<div class=\"e-con-inner\">\n\t\t\t\t<div class=\"elementor-element elementor-element-390bdf8 elementor-widget elementor-widget-text-editor\" data-id=\"390bdf8\" data-element_type=\"widget\" data-e-type=\"widget\" data-widget_type=\"text-editor.default\">\n\t\t\t\t\t\t\t\t\t<p><span style=\"font-family: 'voyage', sans-serif; font-size: 48px; font-weight: 500; text-transform: normale; display: block;\">L\u00e0 o\u00f9 l\u2019id\u00e9e devient exp\u00e9rience<br \/><\/span><\/p>\t\t\t\t\t\t\t\t<\/div>\n\t\t\t\t<div class=\"elementor-element elementor-element-143c33b elementor-widget elementor-widget-spacer\" data-id=\"143c33b\" data-element_type=\"widget\" data-e-type=\"widget\" data-widget_type=\"spacer.default\">\n\t\t\t\t\t\t\t<div class=\"elementor-spacer\">\n\t\t\t<div class=\"elementor-spacer-inner\"><\/div>\n\t\t<\/div>\n\t\t\t\t\t\t<\/div>\n\t\t\t\t<div class=\"elementor-element elementor-element-fd8c7fc elementor-widget elementor-widget-text-editor\" data-id=\"fd8c7fc\" data-element_type=\"widget\" data-e-type=\"widget\" data-widget_type=\"text-editor.default\">\n\t\t\t\t\t\t\t\t\t<div style=\"font-family: 'Montserrat', sans-serif; font-weight: 400; font-size: 13px; line-height: 1.6; text-align: justify; color: #333333;\">\n<p style=\"margin: 0 0 10px 0;\">Le Studio Cr\u00e9atif Di\u00e8se Event, bas\u00e9 \u00e0 Marrakech, est un espace de recherche, de cr\u00e9ation et de projection.\n<br><br>\nUn lieu o\u00f9 les concepts prennent forme, o\u00f9 les lieux se racontent, et o\u00f9 l\u2019\u00e9v\u00e9nement est pens\u00e9 comme une exp\u00e9rience globale \u2014 esth\u00e9tique, narrative et \u00e9motionnelle.\n<br><br>\n\nNous accompagnons les projets \u00e9v\u00e9nementiels et spatiaux d\u00e8s leur gen\u00e8se, en apportant une lecture artistique, une intelligence du lieu et une vision sc\u00e9nographique coh\u00e9rente, avant toute production.<\/p>\n\n<\/div>\t\t\t\t\t\t\t\t<\/div>\n\t\t\t\t\t<\/div>\n\t\t\t\t<\/div>\n\t\t<div class=\"elementor-element elementor-element-4810d169 e-flex e-con-boxed e-con e-parent\" data-id=\"4810d169\" data-element_type=\"container\" data-e-type=\"container\" data-settings=\"{&quot;background_background&quot;:&quot;classic&quot;}\">\n\t\t\t\t\t<div class=\"e-con-inner\">\n\t\t<div class=\"elementor-element elementor-element-3e11ac53 e-con-full e-flex e-con e-child\" data-id=\"3e11ac53\" data-element_type=\"container\" data-e-type=\"container\">\n\t\t\t\t<div class=\"elementor-element elementor-element-35a15285 elementor-widget elementor-widget-text-editor\" data-id=\"35a15285\" data-element_type=\"widget\" data-e-type=\"widget\" data-widget_type=\"text-editor.default\">\n\t\t\t\t\t\t\t\t\t<span style=\"font-family: 'voyage', sans-serif; font-size: 48px; font-weight: 500; text-transform: normale; display: block;\">Un studio, plusieurs disciplines\n<\/span>\t\t\t\t\t\t\t\t<\/div>\n\t\t\t\t<\/div>\n\t\t<div class=\"elementor-element elementor-element-4e691760 e-con-full e-flex e-con e-child\" data-id=\"4e691760\" data-element_type=\"container\" data-e-type=\"container\">\n\t\t<div class=\"elementor-element elementor-element-1831bd07 e-con-full e-flex e-con e-child\" data-id=\"1831bd07\" data-element_type=\"container\" data-e-type=\"container\">\n\t\t\t\t<div class=\"elementor-element elementor-element-82e5df5 elementor-view-default elementor-widget elementor-widget-icon\" data-id=\"82e5df5\" data-element_type=\"widget\" data-e-type=\"widget\" data-widget_type=\"icon.default\">\n\t\t\t\t\t\t\t<div class=\"elementor-icon-wrapper\">\n\t\t\t<div class=\"elementor-icon\">\n\t\t\t<i aria-hidden=\"true\" class=\"far fa-file-alt\"><\/i>\t\t\t<\/div>\n\t\t<\/div>\n\t\t\t\t\t\t<\/div>\n\t\t\t\t<div class=\"elementor-element elementor-element-477c5713 elementor-widget elementor-widget-text-editor\" data-id=\"477c5713\" data-element_type=\"widget\" data-e-type=\"widget\" data-widget_type=\"text-editor.default\">\n\t\t\t\t\t\t\t\t\t<div style=\"background: transparent; color: #e8dfd5; font-family: 'Montserrat', sans-serif;\">\n<div style=\"font-size: 14px; font-weight: 600; text-transform: uppercase; margin-bottom: 18px;\">Direction artistique &amp; narration<\/div>\n<!-- Police Montserrat -->\n<ul style=\"list-style: none; padding: 0; margin: 0; font-family: 'Montserrat', sans-#E8DFD5; line-height: 1.7;\">\n \t<li style=\"margin-bottom: 6px;\">&#8211; Direction artistique globale d\u2019\u00e9v\u00e9nements et d\u2019exp\u00e9riences<\/li>\n \t<li style=\"margin-bottom: 6px;\">&#8211; Conception de concepts narratifs<\/li>\n \t<li style=\"margin-bottom: 6px;\">&#8211; Storytelling visuel et spatial<\/li>\n \t<li style=\"margin-bottom: 6px;\">&#8211; D\u00e9finition d\u2019un fil conducteur<\/li>\n \t<li>&#8211; Supervision artistique de l\u2019ensemble du projet<\/li>\n<\/ul>\n<\/div>\t\t\t\t\t\t\t\t<\/div>\n\t\t\t\t<\/div>\n\t\t<div class=\"elementor-element elementor-element-c4a39f8 e-con-full e-flex e-con e-child\" data-id=\"c4a39f8\" data-element_type=\"container\" data-e-type=\"container\">\n\t\t\t\t<div class=\"elementor-element elementor-element-c6b7d9f elementor-view-default elementor-widget elementor-widget-icon\" data-id=\"c6b7d9f\" data-element_type=\"widget\" data-e-type=\"widget\" data-widget_type=\"icon.default\">\n\t\t\t\t\t\t\t<div class=\"elementor-icon-wrapper\">\n\t\t\t<div class=\"elementor-icon\">\n\t\t\t<i aria-hidden=\"true\" class=\"far fa-map\"><\/i>\t\t\t<\/div>\n\t\t<\/div>\n\t\t\t\t\t\t<\/div>\n\t\t\t\t<div class=\"elementor-element elementor-element-85bb9e1 elementor-widget elementor-widget-text-editor\" data-id=\"85bb9e1\" data-element_type=\"widget\" data-e-type=\"widget\" data-widget_type=\"text-editor.default\">\n\t\t\t\t\t\t\t\t\t<div style=\"background: transparent; color: #e8dfd5; font-family: 'Montserrat', sans-serif;\">\n<div style=\"font-size: 14px; font-weight: 600; text-transform: uppercase; margin-bottom: 18px;\">Sc\u00e9nographie &amp; mise en sc\u00e8ne de l\u2019espace<\/div>\n<!-- Police Montserrat -->\n<ul style=\"list-style: none; padding: 0; margin: 0; font-family: 'Montserrat', sans-serif; font-size: 13px; color: #e8dfd5; line-height: 1.7;\">\n \t<li style=\"margin-bottom: 6px;\">&#8211; Conception sc\u00e9nographique<\/li>\n \t<li style=\"margin-bottom: 6px;\">&#8211; Mise en sc\u00e8ne de lieux existants<\/li>\n \t<li style=\"margin-bottom: 6px;\">&#8211; Travail sur la lumi\u00e8re, les mati\u00e8res et les volumes<\/li>\n \t<li style=\"margin-bottom: 6px;\">&#8211; Circulations et parcours visiteurs<\/li>\n \t<li>&#8211; Exp\u00e9rience sensorielle du public<\/li>\n<\/ul>\n<\/div>\t\t\t\t\t\t\t\t<\/div>\n\t\t\t\t<\/div>\n\t\t<div class=\"elementor-element elementor-element-b5453f5 e-con-full e-flex e-con e-child\" data-id=\"b5453f5\" data-element_type=\"container\" data-e-type=\"container\">\n\t\t\t\t<div class=\"elementor-element elementor-element-00cea5b elementor-view-default elementor-widget elementor-widget-icon\" data-id=\"00cea5b\" data-element_type=\"widget\" data-e-type=\"widget\" data-widget_type=\"icon.default\">\n\t\t\t\t\t\t\t<div class=\"elementor-icon-wrapper\">\n\t\t\t<div class=\"elementor-icon\">\n\t\t\t<i aria-hidden=\"true\" class=\"far fa-object-ungroup\"><\/i>\t\t\t<\/div>\n\t\t<\/div>\n\t\t\t\t\t\t<\/div>\n\t\t\t\t<div class=\"elementor-element elementor-element-a029576 elementor-widget elementor-widget-text-editor\" data-id=\"a029576\" data-element_type=\"widget\" data-e-type=\"widget\" data-widget_type=\"text-editor.default\">\n\t\t\t\t\t\t\t\t\t<div style=\"background: transparent; color: #e8dfd5; font-family: 'Montserrat', sans-serif;\">\n<div style=\"font-size: 14px; font-weight: 600; text-transform: uppercase; margin-bottom: 18px;\">Design &amp; projection visuelle<\/div>\n<!-- Police Montserrat -->\n<ul style=\"list-style: none; padding: 0; margin: 0; font-family: 'Montserrat', sans-serif; font-size: 13px; color: #e8dfd5; line-height: 1.7;\">\n \t<li style=\"margin-bottom: 6px;\">&#8211; Moodboards conceptuels<\/li>\n \t<li style=\"margin-bottom: 6px;\">&#8211; Illustrations &amp; croquis<\/li>\n \t<li style=\"margin-bottom: 6px;\">&#8211; Plans techniques 2D<\/li>\n \t<li style=\"margin-bottom: 6px;\">&#8211; Mod\u00e9lisations 3D r\u00e9alistes<\/li>\n \t<li>&#8211; Pr\u00e9visualisation compl\u00e8te des espaces<\/li>\n<\/ul>\n<\/div>\t\t\t\t\t\t\t\t<\/div>\n\t\t\t\t<\/div>\n\t\t<div class=\"elementor-element elementor-element-64766bd e-con-full e-flex e-con e-child\" data-id=\"64766bd\" data-element_type=\"container\" data-e-type=\"container\">\n\t\t\t\t<div class=\"elementor-element elementor-element-df3bf8a elementor-view-default elementor-widget elementor-widget-icon\" data-id=\"df3bf8a\" data-element_type=\"widget\" data-e-type=\"widget\" data-widget_type=\"icon.default\">\n\t\t\t\t\t\t\t<div class=\"elementor-icon-wrapper\">\n\t\t\t<div class=\"elementor-icon\">\n\t\t\t<i aria-hidden=\"true\" class=\"fas fa-photo-video\"><\/i>\t\t\t<\/div>\n\t\t<\/div>\n\t\t\t\t\t\t<\/div>\n\t\t\t\t<div class=\"elementor-element elementor-element-893a222 elementor-widget elementor-widget-text-editor\" data-id=\"893a222\" data-element_type=\"widget\" data-e-type=\"widget\" data-widget_type=\"text-editor.default\">\n\t\t\t\t\t\t\t\t\t<div style=\"background: transparent; color: #e8dfd5; font-family: 'Montserrat', sans-serif;\">\n<div style=\"font-size: 14px; font-weight: 600; text-transform: uppercase; margin-bottom: 18px;\">Cr\u00e9ation graphique &amp; contenus immersifs<\/div>\n<!-- Police Montserrat -->\n<ul style=\"list-style: none; padding: 0; margin: 0; font-family: 'Montserrat', sans-serif; font-size: 13px; color: #e8dfd5; line-height: 1.7;\">\n \t<li style=\"margin-bottom: 6px;\">&#8211; Identit\u00e9 visuelle \u00e9v\u00e9nementielle<\/li>\n \t<li style=\"margin-bottom: 6px;\">&#8211; Signal\u00e9tique et supports graphiques<\/li>\n \t<li style=\"margin-bottom: 6px;\">&#8211; Vid\u00e9o, motion design et contenus immersifs<\/li>\n \t<li style=\"margin-bottom: 6px;\">&#8211; Projections, mapping et dispositifs visuels<\/li>\n \t<li>&#8211; Exp\u00e9riences digitales associ\u00e9es aux \u00e9v\u00e9nements<\/li>\n<\/ul>\n<\/div>\t\t\t\t\t\t\t\t<\/div>\n\t\t\t\t<\/div>\n\t\t\t\t<\/div>\n\t\t\t\t\t<\/div>\n\t\t\t\t<\/div>\n\t\t<div class=\"elementor-element elementor-element-1992b8d e-flex e-con-boxed e-con e-parent\" data-id=\"1992b8d\" data-element_type=\"container\" data-e-type=\"container\" data-settings=\"{&quot;background_background&quot;:&quot;classic&quot;}\">\n\t\t\t\t\t<div class=\"e-con-inner\">\n\t\t<div class=\"elementor-element elementor-element-b6ca57e e-con-full e-flex e-con e-child\" data-id=\"b6ca57e\" data-element_type=\"container\" data-e-type=\"container\" data-settings=\"{&quot;background_background&quot;:&quot;classic&quot;}\">\n\t\t\t\t<div class=\"elementor-element elementor-element-6b451ad elementor-view-default elementor-widget elementor-widget-icon\" data-id=\"6b451ad\" data-element_type=\"widget\" data-e-type=\"widget\" data-widget_type=\"icon.default\">\n\t\t\t\t\t\t\t<div class=\"elementor-icon-wrapper\">\n\t\t\t<div class=\"elementor-icon\">\n\t\t\t<i aria-hidden=\"true\" class=\"fas fa-angle-double-right\"><\/i>\t\t\t<\/div>\n\t\t<\/div>\n\t\t\t\t\t\t<\/div>\n\t\t\t\t<div class=\"elementor-element elementor-element-de947a0 elementor-widget elementor-widget-text-editor\" data-id=\"de947a0\" data-element_type=\"widget\" data-e-type=\"widget\" data-widget_type=\"text-editor.default\">\n\t\t\t\t\t\t\t\t\t<span style=\"font-family: 'voyage', sans-serif; font-size: 48px; font-weight: 500; text-transform: normale; display: block;\">Vous avez un lieu, une id\u00e9e ou un projet \u00e0 r\u00e9v\u00e9ler ?\n<\/span>\t\t\t\t\t\t\t\t<\/div>\n\t\t\t\t<div class=\"elementor-element elementor-element-40ff131 elementor-widget elementor-widget-text-editor\" data-id=\"40ff131\" data-element_type=\"widget\" data-e-type=\"widget\" data-widget_type=\"text-editor.default\">\n\t\t\t\t\t\t\t\t\t<div style=\"font-family: 'Montserrat', sans-serif; font-weight: 400; font-size: 13px; line-height: 1.6; text-align: justify; color: #333333;\">\n<p style=\"margin: 0 0 10px 0;\">Le Studio Cr\u00e9atif Di\u00e8se Event, vous accompagne dans la conception d\u2019exp\u00e9riences et de mises en sc\u00e8ne sur-mesure au Maroc et \u00e0 l\u2019international.<\/p>\n\n<\/div>\t\t\t\t\t\t\t\t<\/div>\n\t\t\t\t<div class=\"elementor-element elementor-element-3129d81e elementor-invisible elementor-widget elementor-widget-html\" data-id=\"3129d81e\" data-element_type=\"widget\" data-e-type=\"widget\" data-settings=\"{&quot;_animation&quot;:&quot;slideInUp&quot;}\" data-widget_type=\"html.default\">\n\t\t\t\t\t<a href=\"#\" class=\"cta-button\">\n  <span class=\"cta-text\">EN SAVOIR PLUS<\/span>\n  <span class=\"cta-icon\">\n    <svg width=\"16\" height=\"16\" viewbox=\"0 0 24 24\" fill=\"none\"\n      xmlns=\"http:\/\/www.w3.org\/2000\/svg\">\n      <path d=\"M7 17L17 7\" stroke=\"#111111\" stroke-width=\"2\" stroke-linecap=\"round\"\/>\n      <path d=\"M9 7H17V15\" stroke=\"#111111\" stroke-width=\"2\" stroke-linecap=\"round\"\/>\n    <\/svg>\n  <\/span>\n<\/a>\n\n<style>\n.cta-button {\n  display: inline-flex;\n  align-items: center;\n  justify-content: space-between;\n  gap: 30px;\n  padding: 8px 12px 8px 24px;\n  background-color: #F6724B;\n  color: #213B62;\n  text-decoration: none;\n  border-radius: 40px;\n  font-family: 'Montserrat', sans-serif;\n  font-size: 12px;\n  font-weight: 600;\n  transition: all 0.3s ease;\n}\n\n.cta-button:hover {\n  background-color: #213B62;\n}\n\n.cta-text {\n  white-space: nowrap;\n}\n\n.cta-icon {\n  width: 38px;\n  height: 38px;\n  background-color: #F9F0E4;\n  border-radius: 50%;\n  display: flex;\n  align-items: center;\n  justify-content: center;\n  transition: transform 0.3s ease;\n}\n\n.cta-button:hover .cta-icon {\n  transform: translateX(3px);\n}\n<\/style>\t\t\t\t<\/div>\n\t\t\t\t<\/div>\n\t\t<div class=\"elementor-element elementor-element-df51173 e-con-full e-flex e-con e-child\" data-id=\"df51173\" data-element_type=\"container\" data-e-type=\"container\" data-settings=\"{&quot;background_background&quot;:&quot;classic&quot;}\">\n\t\t\t\t<\/div>\n\t\t\t\t\t<\/div>\n\t\t\t\t<\/div>\n\t\t\t\t<\/div>","protected":false},"excerpt":{"rendered":"<p>Studio cr\u00e9atif hybride Laboratoire d\u2019exp\u00e9rience, de narration et de mise en sc\u00e8ne L\u00e0 o\u00f9 l\u2019id\u00e9e devient exp\u00e9rience Le Studio Cr\u00e9atif Di\u00e8se Event, bas\u00e9 \u00e0 Marrakech, est un espace de recherche, de cr\u00e9ation et de projection. Un lieu o\u00f9 les concepts prennent forme, o\u00f9 les lieux&#8230;<\/p>","protected":false},"author":1,"featured_media":0,"parent":0,"menu_order":0,"comment_status":"closed","ping_status":"closed","template":"elementor_header_footer","meta":{"footnotes":""},"class_list":["post-660","page","type-page","status-publish","hentry"],"_links":{"self":[{"href":"https:\/\/www.diese-event.com\/en\/wp-json\/wp\/v2\/pages\/660","targetHints":{"allow":["GET"]}}],"collection":[{"href":"https:\/\/www.diese-event.com\/en\/wp-json\/wp\/v2\/pages"}],"about":[{"href":"https:\/\/www.diese-event.com\/en\/wp-json\/wp\/v2\/types\/page"}],"author":[{"embeddable":true,"href":"https:\/\/www.diese-event.com\/en\/wp-json\/wp\/v2\/users\/1"}],"replies":[{"embeddable":true,"href":"https:\/\/www.diese-event.com\/en\/wp-json\/wp\/v2\/comments?post=660"}],"version-history":[{"count":100,"href":"https:\/\/www.diese-event.com\/en\/wp-json\/wp\/v2\/pages\/660\/revisions"}],"predecessor-version":[{"id":1566,"href":"https:\/\/www.diese-event.com\/en\/wp-json\/wp\/v2\/pages\/660\/revisions\/1566"}],"wp:attachment":[{"href":"https:\/\/www.diese-event.com\/en\/wp-json\/wp\/v2\/media?parent=660"}],"curies":[{"name":"wp","href":"https:\/\/api.w.org\/{rel}","templated":true}]}}