{"id":662,"date":"2026-01-09T16:18:59","date_gmt":"2026-01-09T16:18:59","guid":{"rendered":"https:\/\/www.diese-event.com\/?page_id=662"},"modified":"2026-01-09T16:18:59","modified_gmt":"2026-01-09T16:18:59","slug":"blog","status":"publish","type":"page","link":"https:\/\/www.diese-event.com\/en\/blog\/","title":{"rendered":"Blog"},"content":{"rendered":"<div data-elementor-type=\"wp-page\" data-elementor-id=\"662\" class=\"elementor elementor-662\">\n\t\t\t\t<div class=\"elementor-element elementor-element-6cd8b62 e-flex e-con-boxed e-con e-parent\" data-id=\"6cd8b62\" data-element_type=\"container\" data-e-type=\"container\">\n\t\t\t\t\t<div class=\"e-con-inner\">\n\t\t\t\t<div class=\"elementor-element elementor-element-d710099 elementor-widget elementor-widget-text-editor\" data-id=\"d710099\" data-element_type=\"widget\" data-e-type=\"widget\" data-widget_type=\"text-editor.default\">\n\t\t\t\t\t\t\t\t\t<span style=\"font-family: 'voyage', sans-serif; font-size: 48px; font-weight: 500; text-transform: normale; display: block;\">Notre site arrive bient\u00f4t\n<\/span>\t\t\t\t\t\t\t\t<\/div>\n\t\t\t\t<div class=\"elementor-element elementor-element-d0982cb elementor-widget elementor-widget-spacer\" data-id=\"d0982cb\" data-element_type=\"widget\" data-e-type=\"widget\" data-widget_type=\"spacer.default\">\n\t\t\t\t\t\t\t<div class=\"elementor-spacer\">\n\t\t\t<div class=\"elementor-spacer-inner\"><\/div>\n\t\t<\/div>\n\t\t\t\t\t\t<\/div>\n\t\t\t\t<div class=\"elementor-element elementor-element-75757e7 elementor-widget elementor-widget-text-editor\" data-id=\"75757e7\" data-element_type=\"widget\" data-e-type=\"widget\" data-widget_type=\"text-editor.default\">\n\t\t\t\t\t\t\t\t\t<div style=\"font-family:'Montserrat', sans-serif; font-weight:400; font-size:12px; line-height:1.6; text-align:justify; color:#333333;\">\n\n  <p style=\"margin:0 0 10px 0;\">\n    Di\u00e8se Event est une agence \u00e9v\u00e9nementielle et un studio cr\u00e9atif sp\u00e9cialis\u00e9 dans la direction artistique,\n    la sc\u00e9nographie immersive et l\u2019organisation compl\u00e8te d\u2019\u00e9v\u00e9nements haut de gamme \u00e0 Marrakech,\n    au Maroc et \u00e0 l\u2019international.\n  <\/p>\n\n  <p style=\"margin:0 0 10px 0;\">\n    Notre site web est actuellement en cours de cr\u00e9ation.\n    En attendant son lancement, nous restons disponibles pour vous accompagner\n    dans la conception et la production de vos projets \u00e9v\u00e9nementiels.\n  <\/p>\n\n  <p style=\"margin:0;\">\n    Pour toutes informations, contactez-nous sur :\n    <strong style=\"color:#2B3349;\">+212 6 99 39 60 02<\/strong>\n  <\/p>\n\n<\/div>\t\t\t\t\t\t\t\t<\/div>\n\t\t\t\t\t<\/div>\n\t\t\t\t<\/div>\n\t\t<div class=\"elementor-element elementor-element-22ba826 e-transform e-flex e-con-boxed e-con e-parent\" data-id=\"22ba826\" data-element_type=\"container\" data-e-type=\"container\" data-settings=\"{&quot;background_background&quot;:&quot;classic&quot;,&quot;_transform_scale_effect&quot;:{&quot;unit&quot;:&quot;px&quot;,&quot;size&quot;:1.100000000000000088817841970012523233890533447265625,&quot;sizes&quot;:[]},&quot;_transform_scale_effect_tablet&quot;:{&quot;unit&quot;:&quot;px&quot;,&quot;size&quot;:&quot;&quot;,&quot;sizes&quot;:[]},&quot;_transform_scale_effect_mobile&quot;:{&quot;unit&quot;:&quot;px&quot;,&quot;size&quot;:&quot;&quot;,&quot;sizes&quot;:[]}}\">\n\t\t\t\t\t<div class=\"e-con-inner\">\n\t\t\t\t<div class=\"elementor-element elementor-element-c422543 elementor-widget elementor-widget-qi_addons_for_elementor_text_marquee\" data-id=\"c422543\" data-element_type=\"widget\" data-e-type=\"widget\" data-widget_type=\"qi_addons_for_elementor_text_marquee.default\">\n\t\t\t\t<div class=\"elementor-widget-container\">\n\t\t\t\t\t<div class=\"qodef-shortcode qodef-m qodef-qi-text-marquee qodef-layout--default\">\n\t<div class=\"qodef-m-content\">\n\t\t<div class=\"qodef-m-text qodef-text--original\">\n\t\t\t\t\t\t\t<span class=\"qodef-m-text-item elementor-repeater-item-d05ada1\" >COMING SOON<\/span>\n\t\t\t\t<span class=\"qodef-e-icon-holder\">\n\t<i aria-hidden=\"true\" class=\"fas fa-asterisk\"><\/i><\/span>\n\t\t\t\t\t\t\t<span class=\"qodef-m-text-item elementor-repeater-item-200dcdb\" >COMING SOON<\/span>\n\t\t\t\t<span class=\"qodef-e-icon-holder\">\n\t<i aria-hidden=\"true\" class=\"fas fa-asterisk\"><\/i><\/span>\n\t\t\t\t\t\t\t<span class=\"qodef-m-text-item elementor-repeater-item-400bfcc\" >COMING SOON<\/span>\n\t\t\t\t<span class=\"qodef-e-icon-holder\">\n\t<i aria-hidden=\"true\" class=\"fas fa-asterisk\"><\/i><\/span>\n\t\t\t\t\t\t\t<span class=\"qodef-m-text-item elementor-repeater-item-04cdbe8\" >COMING SOON<\/span>\n\t\t\t\t<span class=\"qodef-e-icon-holder\">\n\t<i aria-hidden=\"true\" class=\"fas fa-asterisk\"><\/i><\/span>\n\t\t\t\t\t\t\t<span class=\"qodef-m-text-item elementor-repeater-item-670c2d1\" >COMING SOON<\/span>\n\t\t\t\t<span class=\"qodef-e-icon-holder\">\n\t<i aria-hidden=\"true\" class=\"fas fa-asterisk\"><\/i><\/span>\n\t\t\t\t\t<\/div>\n\t\t<div class=\"qodef-m-text qodef-text--copy\">\n\t\t\t\t\t\t\t<span class=\"qodef-m-text-item elementor-repeater-item-d05ada1\" >COMING SOON<\/span>\n\t\t\t\t<span class=\"qodef-e-icon-holder\">\n\t<i aria-hidden=\"true\" class=\"fas fa-asterisk\"><\/i><\/span>\n\t\t\t\t\t\t\t<span class=\"qodef-m-text-item elementor-repeater-item-200dcdb\" >COMING SOON<\/span>\n\t\t\t\t<span class=\"qodef-e-icon-holder\">\n\t<i aria-hidden=\"true\" class=\"fas fa-asterisk\"><\/i><\/span>\n\t\t\t\t\t\t\t<span class=\"qodef-m-text-item elementor-repeater-item-400bfcc\" >COMING SOON<\/span>\n\t\t\t\t<span class=\"qodef-e-icon-holder\">\n\t<i aria-hidden=\"true\" class=\"fas fa-asterisk\"><\/i><\/span>\n\t\t\t\t\t\t\t<span class=\"qodef-m-text-item elementor-repeater-item-04cdbe8\" >COMING SOON<\/span>\n\t\t\t\t<span class=\"qodef-e-icon-holder\">\n\t<i aria-hidden=\"true\" class=\"fas fa-asterisk\"><\/i><\/span>\n\t\t\t\t\t\t\t<span class=\"qodef-m-text-item elementor-repeater-item-670c2d1\" >COMING SOON<\/span>\n\t\t\t\t<span class=\"qodef-e-icon-holder\">\n\t<i aria-hidden=\"true\" class=\"fas fa-asterisk\"><\/i><\/span>\n\t\t\t\t\t<\/div>\n\t<\/div>\n<\/div>\n\t\t\t\t<\/div>\n\t\t\t\t<\/div>\n\t\t\t\t\t<\/div>\n\t\t\t\t<\/div>\n\t\t\t\t<\/div>","protected":false},"excerpt":{"rendered":"<p>Notre site arrive bient\u00f4t Di\u00e8se Event est une agence \u00e9v\u00e9nementielle et un studio cr\u00e9atif sp\u00e9cialis\u00e9 dans la direction artistique, la sc\u00e9nographie immersive et l\u2019organisation compl\u00e8te d\u2019\u00e9v\u00e9nements haut de gamme \u00e0 Marrakech, au Maroc et \u00e0 l\u2019international. Notre site web est actuellement en cours de cr\u00e9ation&#8230;.<\/p>","protected":false},"author":1,"featured_media":0,"parent":0,"menu_order":0,"comment_status":"closed","ping_status":"closed","template":"elementor_canvas","meta":{"footnotes":""},"class_list":["post-662","page","type-page","status-publish","hentry"],"_links":{"self":[{"href":"https:\/\/www.diese-event.com\/en\/wp-json\/wp\/v2\/pages\/662","targetHints":{"allow":["GET"]}}],"collection":[{"href":"https:\/\/www.diese-event.com\/en\/wp-json\/wp\/v2\/pages"}],"about":[{"href":"https:\/\/www.diese-event.com\/en\/wp-json\/wp\/v2\/types\/page"}],"author":[{"embeddable":true,"href":"https:\/\/www.diese-event.com\/en\/wp-json\/wp\/v2\/users\/1"}],"replies":[{"embeddable":true,"href":"https:\/\/www.diese-event.com\/en\/wp-json\/wp\/v2\/comments?post=662"}],"version-history":[{"count":1,"href":"https:\/\/www.diese-event.com\/en\/wp-json\/wp\/v2\/pages\/662\/revisions"}],"predecessor-version":[{"id":663,"href":"https:\/\/www.diese-event.com\/en\/wp-json\/wp\/v2\/pages\/662\/revisions\/663"}],"wp:attachment":[{"href":"https:\/\/www.diese-event.com\/en\/wp-json\/wp\/v2\/media?parent=662"}],"curies":[{"name":"wp","href":"https:\/\/api.w.org\/{rel}","templated":true}]}}